{"id":70,"date":"2016-10-21T19:56:24","date_gmt":"2016-10-21T17:56:24","guid":{"rendered":"http:\/\/rorup.rocks\/wordpress\/?page_id=70"},"modified":"2025-11-21T10:36:58","modified_gmt":"2025-11-21T09:36:58","slug":"betreuung","status":"publish","type":"page","link":"http:\/\/rorup.rocks\/wordpress\/betreuung\/","title":{"rendered":"\u00dcbermittagsbetreuung"},"content":{"rendered":"\n<figure class=\"wp-block-image alignleft\"><img loading=\"lazy\" decoding=\"async\" width=\"300\" height=\"146\" src=\"http:\/\/rorup.rocks\/wordpress\/wp-content\/uploads\/2019\/03\/5-300x146.jpg\" alt=\"\" class=\"wp-image-606\" srcset=\"http:\/\/rorup.rocks\/wordpress\/wp-content\/uploads\/2019\/03\/5-300x146.jpg 300w, http:\/\/rorup.rocks\/wordpress\/wp-content\/uploads\/2019\/03\/5-600x291.jpg 600w, http:\/\/rorup.rocks\/wordpress\/wp-content\/uploads\/2019\/03\/5-768x373.jpg 768w, http:\/\/rorup.rocks\/wordpress\/wp-content\/uploads\/2019\/03\/5-1024x497.jpg 1024w, http:\/\/rorup.rocks\/wordpress\/wp-content\/uploads\/2019\/03\/5.jpg 1600w\" sizes=\"auto, (max-width: 300px) 100vw, 300px\" \/><\/figure>\n\n\n\n<p>Die \u00dcbermittagsbetreuung erfreut sich seit vielen Jahren gro\u00dfer Beliebtheit und wird von Kindern der ersten bis vierten Klasse genutzt. Sie findet &nbsp;montags bis freitags von 11.40 \u2013 15:00 Uhr in den R\u00e4umen der \u00dcbermittagsbetreuung statt. Dabei hat sich die Unterteilung in eine Arbeitsphase mit Unterst\u00fctzung bei den Hausaufgaben und eine Freizeitphase bew\u00e4hrt. In der Zeit von 13.00 \u2013 14.00 Uhr sollen alle Sch\u00fclerinnen und Sch\u00fcler die n\u00f6tige Ruhe haben, um ihre Hausaufgaben z\u00fcgig und sorgf\u00e4ltig zu erledigen. Hiermit ist auch die Vorgabe aus dem Hausaufgabenerlass abgedeckt, der f\u00fcr die Klassen 1\/2&nbsp; 30 min und f\u00fcr die Klassen 3\/4 45 min Arbeitszeit vorgibt. Eine Ferienbetreuung wird nicht garantiert.<\/p>\n\n\n\n<h2 class=\"wp-block-heading\">Mittagessen in der \u00dcmi<\/h2>\n\n\n\n<p>Wir bieten in der \u00dcbermittagsbetreuung abwechslungsreiche Mahlzeiten an, die auch vegetarisch, vegan oder ohne Schweinefleisch bestellt werden k\u00f6nnen.&nbsp;<\/p>\n\n\n\n<p>Eine finanzielle F\u00f6rderung \/ Unterst\u00fctzung f\u00fcr das Essen ist unter bestimmten Voraussetzungen m\u00f6glich. Informationen hierzu erteilt Ihnen Frau Ruth D\u00f6rdelmann (Beratung \u2013 Bildung und Teilhabe) unter der Telefonnummer 02594\/12814<\/p>\n\n\n\n<figure class=\"wp-block-image alignright\"><img loading=\"lazy\" decoding=\"async\" width=\"225\" height=\"300\" src=\"http:\/\/rorup.rocks\/wordpress\/wp-content\/uploads\/2019\/03\/19-4-225x300.jpg\" alt=\"\" class=\"wp-image-620\" srcset=\"http:\/\/rorup.rocks\/wordpress\/wp-content\/uploads\/2019\/03\/19-4-225x300.jpg 225w, http:\/\/rorup.rocks\/wordpress\/wp-content\/uploads\/2019\/03\/19-4-600x800.jpg 600w, http:\/\/rorup.rocks\/wordpress\/wp-content\/uploads\/2019\/03\/19-4-768x1024.jpg 768w, http:\/\/rorup.rocks\/wordpress\/wp-content\/uploads\/2019\/03\/19-4.jpg 1200w\" sizes=\"auto, (max-width: 225px) 100vw, 225px\" \/><\/figure>\n\n\n\n<p>Eine Betreuerin des \u00dcMI-Teams steht den Kindern zur Unterst\u00fctzung und f\u00fcr m\u00f6gliche Fragen zur Seite. Es wird Hilfe angeboten, aber es kann keine Vollst\u00e4ndigkeit und Richtigkeit garantiert werden. Die Kinder, die ihre Hausaufgaben erledigt haben, wechseln vom Hausaufgabenraum in den Freizeitbereich.<\/p>\n\n\n\n<figure class=\"wp-block-image alignleft\"><a href=\"http:\/\/rorup.rocks\/wordpress\/wp-content\/uploads\/2016\/10\/IMG_3448.jpg\"><img loading=\"lazy\" decoding=\"async\" width=\"150\" height=\"150\" src=\"http:\/\/rorup.rocks\/wordpress\/wp-content\/uploads\/2016\/10\/IMG_3448-150x150.jpg\" alt=\"img_3448\" class=\"wp-image-76\" srcset=\"http:\/\/rorup.rocks\/wordpress\/wp-content\/uploads\/2016\/10\/IMG_3448-150x150.jpg 150w, http:\/\/rorup.rocks\/wordpress\/wp-content\/uploads\/2016\/10\/IMG_3448-300x300.jpg 300w, http:\/\/rorup.rocks\/wordpress\/wp-content\/uploads\/2016\/10\/IMG_3448-100x100.jpg 100w, http:\/\/rorup.rocks\/wordpress\/wp-content\/uploads\/2016\/10\/IMG_3448-270x270.jpg 270w, http:\/\/rorup.rocks\/wordpress\/wp-content\/uploads\/2016\/10\/IMG_3448-230x230.jpg 230w\" sizes=\"auto, (max-width: 150px) 100vw, 150px\" \/><\/a><\/figure>\n\n\n\n<p>Die Sch\u00fclerinnen und Sch\u00fcler k\u00f6nnen in der Freizeitphase (14:00 \u2013 15:00 Uhr) selbst entscheiden, was ihnen Spa\u00df macht, und sich dabei je nach Neigung f\u00fcr die aktiveren oder ruhigeren Angebote der \u00dcMI entscheiden.<\/p>\n\n\n\n<figure class=\"wp-block-image alignright\"><img loading=\"lazy\" decoding=\"async\" width=\"146\" height=\"300\" src=\"http:\/\/rorup.rocks\/wordpress\/wp-content\/uploads\/2019\/03\/19-14-146x300.jpg\" alt=\"\" class=\"wp-image-630\" srcset=\"http:\/\/rorup.rocks\/wordpress\/wp-content\/uploads\/2019\/03\/19-14-146x300.jpg 146w, http:\/\/rorup.rocks\/wordpress\/wp-content\/uploads\/2019\/03\/19-14-600x1236.jpg 600w, http:\/\/rorup.rocks\/wordpress\/wp-content\/uploads\/2019\/03\/19-14-768x1581.jpg 768w, http:\/\/rorup.rocks\/wordpress\/wp-content\/uploads\/2019\/03\/19-14-497x1024.jpg 497w, http:\/\/rorup.rocks\/wordpress\/wp-content\/uploads\/2019\/03\/19-14.jpg 777w\" sizes=\"auto, (max-width: 146px) 100vw, 146px\" \/><\/figure>\n\n\n\n<p>Die Betreuer motivieren die Kinder, miteinander zu spielen, neue Spiele kennenzulernen oder sich kreativ zu bet\u00e4tigen. F\u00fcr drinnen gibt es zahlreiche &nbsp;Gesellschaftsspiele, B\u00fccher, Comics, Mal- und Bastelmaterial und auch einen Kicker. Es gibt aber auch &nbsp;R\u00fcckzugsm\u00f6glichkeiten in der Leseecke und einer gro\u00dfen B\u00fccherauswahl. Des Weiteren gibt es auch die M\u00f6glichkeit gemeinsam Waffeln, zu backen oder kochen und etwas zu trinken.<\/p>\n\n\n\n<p>Bei geeignetem Wetter k\u00f6nnen die Sch\u00fclerinnen und Sch\u00fcler drau\u00dfen sein, hierf\u00fcr stehen den Kindern die Spielger\u00e4te des Schulhofes und viele andere Spiele sowie Fahrger\u00e4te zur Verf\u00fcgung. Bei schlechtem Wetter kann zuk\u00fcnftig auch an ausgew\u00e4hlten Tagen die Sporthalle zum toben genutzt werden.<\/p>\n\n\n\n<h6 class=\"wp-block-heading\">Wie melden Sie Ihr Kind in der \u00dcbermittagsbetreuung an?<\/h6>\n\n\n\n<p>Sie k\u00f6nnen nat\u00fcrlich die Schulleitung oder zu den Betreuungszeiten gerne Frau Tanja Wagner (Leitung) ansprechen. Alternativ nutzen Sie unser Anmeldeformular auf unserer Homepage unter dem Men\u00fcpunkt \u201eDokumente und Downloads\u201c oder direkt \u00fcber diesen <a href=\"http:\/\/rorup.rocks\/wordpress\/wp-content\/uploads\/2022\/02\/2021-03-18-Infoflyer_Anmeldung.pdf\">Link<\/a>. Gleiches gilt f\u00fcr die Anmeldungen zu den Ferienbetreuungen in den Oster-, Sommer- und Herbstferien.<\/p>\n\n\n\n<h6 class=\"wp-block-heading\">Organisation der \u00dcbermittagsbetreuung<\/h6>\n\n\n\n<p>Das Team der \u00dcMI besteht aus aktuell 5 Betreuungskr\u00e4ften<\/p>\n\n\n\n<p>So ergibt sich eine gute Kombination an Erfahrungen in verschiedenen Bereichen.<br>Da eine \u00dcbermittagsbetreuung nat\u00fcrlich nicht ohne Verhaltensregeln auskommen kann, lesen Sie bitte unser Konzept der \u00dcbermittagsbetreuung unten auf dieser Seite.<\/p>\n\n\n\n<div class=\"wp-block-group is-layout-flow wp-block-group-is-layout-flow\">\n<figure class=\"wp-block-table\"><table class=\"has-fixed-layout\"><tbody><tr><td><img loading=\"lazy\" decoding=\"async\" width=\"170\" height=\"113\" class=\"wp-image-109\" style=\"width: 170px;\" src=\"http:\/\/rorup.rocks\/wordpress\/wp-content\/uploads\/2016\/10\/Wagner_klein.jpg\" alt=\"\" srcset=\"http:\/\/rorup.rocks\/wordpress\/wp-content\/uploads\/2016\/10\/Wagner_klein.jpg 684w, http:\/\/rorup.rocks\/wordpress\/wp-content\/uploads\/2016\/10\/Wagner_klein-600x400.jpg 600w, http:\/\/rorup.rocks\/wordpress\/wp-content\/uploads\/2016\/10\/Wagner_klein-300x200.jpg 300w\" sizes=\"auto, (max-width: 170px) 100vw, 170px\" \/><\/td><td><img loading=\"lazy\" decoding=\"async\" width=\"130\" height=\"150\" class=\"wp-image-926\" style=\"width: 130px;\" src=\"http:\/\/rorup.rocks\/wordpress\/wp-content\/uploads\/2023\/11\/Esther.jpg\" alt=\"\"><\/td><td><img loading=\"lazy\" decoding=\"async\" width=\"150\" height=\"100\" class=\"wp-image-110\" style=\"width: 150px;\" src=\"http:\/\/rorup.rocks\/wordpress\/wp-content\/uploads\/2016\/10\/Wortmann_klein.jpg\" alt=\"\" srcset=\"http:\/\/rorup.rocks\/wordpress\/wp-content\/uploads\/2016\/10\/Wortmann_klein.jpg 684w, http:\/\/rorup.rocks\/wordpress\/wp-content\/uploads\/2016\/10\/Wortmann_klein-600x400.jpg 600w, http:\/\/rorup.rocks\/wordpress\/wp-content\/uploads\/2016\/10\/Wortmann_klein-300x200.jpg 300w\" sizes=\"auto, (max-width: 150px) 100vw, 150px\" \/><\/td><td><\/td><td><\/td><\/tr><tr><td>Tanja Wagner (Leitung)<\/td><td>Esther Br\u00fcgging<\/td><td>Jutta Wortmann<\/td><td>Simone Neinert<\/td><td>Petra Wenzel<\/td><\/tr><\/tbody><\/table><\/figure>\n<\/div>\n\n\n\n<div class=\"wp-block-group is-layout-flow wp-block-group-is-layout-flow\"><\/div>\n\n\n\n<p><b><i>Kontakt<\/i><\/b><\/p>\n\n\n\n<ul class=\"wp-block-list\">\n<li>Bei R\u00fcckfragen zur \u00dcMI wenden Sie sich bitte pers\u00f6nlich an<br><b>Frau Wagner bzw. per&nbsp;Mail an: <\/b><a href=\"mailto:wagner@foerderverein.mariengrundschule.de\">wagner@foerderverein.mariengrundschule.de<\/a><\/li>\n\n\n\n<li>Das \u00dcMI-Team ist in Notf\u00e4llen von Mo-Fr (11.40 \u2013 15.00 Uhr) auch \u00fcber die <strong>Mobilnummer 01523 \/ 6180150<\/strong> f\u00fcr Sie erreichbar.<\/li>\n\n\n\n<li>Die Festnetznummer in der \u00dcMI: <strong>02548-9999791<\/strong><\/li>\n<\/ul>\n\n\n\n<h6 class=\"wp-block-heading\"><b>Wir freuen uns auf Ihre Kinder und werden allen eine sch\u00f6ne und angenehme Zeit in der UMI bereiten!<\/b><\/h6>\n\n\n\n<p><\/p>\n","protected":false},"excerpt":{"rendered":"<p>Die \u00dcbermittagsbetreuung erfreut sich seit vielen Jahren gro\u00dfer Beliebtheit und wird von Kindern der ersten bis vierten Klasse genutzt. Sie findet &nbsp;montags bis freitags von 11.40 \u2013 15:00 Uhr in den R\u00e4umen der \u00dcbermittagsbetreuung statt. Dabei hat sich die Unterteilung<\/p>\n","protected":false},"author":2,"featured_media":0,"parent":0,"menu_order":0,"comment_status":"closed","ping_status":"closed","template":"","meta":{"footnotes":""},"class_list":["post-70","page","type-page","status-publish","hentry"],"jetpack_sharing_enabled":true,"_links":{"self":[{"href":"http:\/\/rorup.rocks\/wordpress\/wp-json\/wp\/v2\/pages\/70","targetHints":{"allow":["GET"]}}],"collection":[{"href":"http:\/\/rorup.rocks\/wordpress\/wp-json\/wp\/v2\/pages"}],"about":[{"href":"http:\/\/rorup.rocks\/wordpress\/wp-json\/wp\/v2\/types\/page"}],"author":[{"embeddable":true,"href":"http:\/\/rorup.rocks\/wordpress\/wp-json\/wp\/v2\/users\/2"}],"replies":[{"embeddable":true,"href":"http:\/\/rorup.rocks\/wordpress\/wp-json\/wp\/v2\/comments?post=70"}],"version-history":[{"count":89,"href":"http:\/\/rorup.rocks\/wordpress\/wp-json\/wp\/v2\/pages\/70\/revisions"}],"predecessor-version":[{"id":987,"href":"http:\/\/rorup.rocks\/wordpress\/wp-json\/wp\/v2\/pages\/70\/revisions\/987"}],"wp:attachment":[{"href":"http:\/\/rorup.rocks\/wordpress\/wp-json\/wp\/v2\/media?parent=70"}],"curies":[{"name":"wp","href":"https:\/\/api.w.org\/{rel}","templated":true}]}}